{"id":163,"date":"2023-03-31T14:14:29","date_gmt":"2023-03-31T14:14:29","guid":{"rendered":"https:\/\/aesudestebaiao.com\/online\/home-2\/"},"modified":"2026-04-15T14:50:25","modified_gmt":"2026-04-15T14:50:25","slug":"home-2","status":"publish","type":"page","link":"https:\/\/aesudestebaiao.com\/online\/","title":{"rendered":"Home"},"content":{"rendered":"\n\n\n\n\n\n\n\n\n\n\n\n\n\n\n\n\n\n\n\n\n\n\n\n\n\nCalend\u00e1rio\n\n\n\n\n\n\n\n\n\n\n\n\n\n\n\n\n\n\n\n\n\n\n\n\n\n<h4><span style=\"color: rgb(254, 254, 254); font-family: Ubuntu; font-size: 40px; text-align: center;\">Novidades<\/span><br><\/h4>\n\n<h5>ABERTURA DO PROCESSO ELEITORAL PARA O CONSELHO GERAL<\/h5>\nAo abrigo do artigo 15\u00ba do Decreto-Lei n.\u00ba 137\/2012 de 2 de junho e nos termos dos artigos 18\u00ba e 21\u00ba do Regulamento Interno do Agrupamento, a Presidente do Conselho Geral do Agrupamento de Escolas do Sudeste de Bai\u00e3o declara aberto o processo eleitoral para a elei\u00e7\u00e3o dos representantes do pessoal docente e n\u00e3o docente no Conselho Geral do Agrupamento.\n\n\nConselho Geral 2026-2029\n\n\n<br>\n\n\n\n\nAbertura do Processo Eleitoral\n\n\n\n\n\n\n\n\n\n\n\n\n\n\n\n\n<h6>ATIVIDADES<\/h6>\n\n<p>Neste espa\u00e7o fique a conhecer todas as nossas atividades ao longo do ano letivo&#8230;<\/p>\n\n\n\n\n\nJovens baionenses escolhem \u201cLazer em Movimento\u201d, da autoria dos alunos do Agrupamento de Escolas do Sudeste de Bai\u00e3o, como projeto vencedor do OPJ 2025.\n\n\nO Agrupamento assinala o m\u00eas da preven\u00e7\u00e3o dos maus-tratos na inf\u00e2ncia com a elabora\u00e7\u00e3o do la\u00e7o azul e adapta\u00e7\u00e3o da m\u00fasica \u201cCinderela\u201d de Carlos Pai\u00e3o.\n\n\n\n\n\n\n\n\n\n\n\n\n\n\n\n\n\n\n\n\n\nLANCHES SAUD\u00c1VEIS (EM AMBIENTE ESCOLAR)\n\n\n\n\n\n\n\n\n\n\n\n\n\n\n\nDe acordo com os dados disponibilizados pelo Minist\u00e9rio da Educa\u00e7\u00e3o, relativos ao ano letivo de 2021\/2022, o Agrupamento de Escolas do Sudeste de Bai\u00e3o ficou em primeiro lugar no ranking nacional, no que toca ao indicador de equidade.\n\n\nNo dia 10 de julho no Audit\u00f3rio do Agrupamento de Escolas do Sudeste de Bai\u00e3o realizou-se uma A\u00e7\u00e3o de Curta dura\u00e7\u00e3o ( ACD) \u201cCompromisso com a inclus\u00e3o\u201d promovido pela equipa da EMAEI e o grupo da Educa\u00e7\u00e3o Especial.\n\n\n\n\nNo \u00e2mbito do concurso anual de projetos Design for Change, foram escolhidos 2 projetos do nosso agrupamento, que v\u00e3o ser apresentados no dia 19 de junho em Guimar\u00e3es.\n\n\n\n\n\n\n\n\n\n\nTema: &#8220;Viver abril na educa\u00e7\u00e3o, caminhos para uma escola plural e participativa&#8221;.\n\n\n\n\n\n\n\n\n\n\n\n\n\n\n\n\n\n\n\n\n<h6>Agrupamento<\/h6>\n\n\n\n\n\n\n\n<p class=\"MsoNormal\">&#8220;A chegada de setembro anuncia o in\u00edcio de mais um ano\nletivo. \u00c9 m\u00eas de recome\u00e7os e (re)encontros.<\/p>\n<p><br><\/p>\n<p class=\"MsoNormal\"><o:p><\/o:p><\/p>\n\n<p class=\"MsoNormal\">No AESB, estamos todos empenhados em receber todos de bra\u00e7os\nabertos e cuidar de cada um como um ser humano \u00fanico e precioso. Continuaremos\na trabalhar no sentido de garantir, nas nossas escolas, um clima acolhedor e\nseguro.<\/p>\n<p><br><\/p>\n<p class=\"MsoNormal\"><o:p><\/o:p><\/p>\n\n<p class=\"MsoNormal\">Contamos, como sempre, com o apoio e a coopera\u00e7\u00e3o efetiva\nentre todos os elementos da comunidade educativa para, juntos, cumprirmos a\nnossa primordial tarefa de ensinar e fazer aprender e de contribuir, com\nresponsabilidade e rigor,&nbsp; para a\nforma\u00e7\u00e3o de crian\u00e7as e jovens ativos e interventivos,&nbsp; respons\u00e1veis e preocupados com&nbsp; a constru\u00e7\u00e3o de uma sociedade mais justa, tolerante\ne inclusiva.<o:p><\/o:p><\/p>\n<p>\n<\/p>\n<p>&nbsp;<\/p>\n<p>\n<\/p>\n<p>Votos de um excelente ano letivo de 2023-2024 para todos!&#8221;\n<\/p>\n<p style=\"text-align: left;\">Manuela Miranda<\/p>\n\n\n\n\n\n\n<h6>Testemunhos<\/h6>\n\n\n\n\n<p style=\"text-align: center;\">&#8221;&nbsp;<span style=\"font-size:12.0pt;mso-bidi-font-size:11.0pt;\nline-height:107%;font-family:&quot;Arial&quot;,sans-serif;mso-fareast-font-family:Calibri;\nmso-fareast-theme-font:minor-latin;mso-ansi-language:PT;mso-fareast-language:\nEN-US;mso-bidi-language:AR-SA\">O nosso percurso escolar foi modelado por muitas\nalegrias, brincadeiras e amizades, com estudo \u00e0 mistura, mas sem grandes sobressaltos.\nFomos muito bem acolhidas, na escola \u201cdos grandes\u201d pelos professores e\nfuncion\u00e1rios que estavam l\u00e1 sempre que precis\u00e1vamos.&nbsp;&#8221; <br><\/span><a href=\"https:\/\/aesudestebaiao.com\/online\/testemunho-jani-ribeiro-e-ines-abreu\/\"><br>Ler mais&#8230;<\/a><\/p>\n<p style=\"text-align: center;\">&#8221;&nbsp;<span style=\"font-size:12.0pt;mso-bidi-font-size:11.0pt;\nline-height:107%;font-family:&quot;Arial&quot;,sans-serif;mso-fareast-font-family:Calibri;\nmso-fareast-theme-font:minor-latin;mso-ansi-language:PT;mso-fareast-language:\nEN-US;mso-bidi-language:AR-SA\">S\u00e3o j\u00e1 treze anos que nos ligam ao Agrupamento de Escolas do Sudeste de Bai\u00e3o, um tempo que acompanha a lideran\u00e7a da Professora Manuela Miranda e de todos os professores que est\u00e3o e passam neste agrupamento, trabalhando e cuidando dos seus alunos de modo a desenvolver em cada um deles as aprendizagens que os capacitem para bem-viver. &nbsp;&#8220;<\/span><\/p><p style=\"text-align: center;\"><a href=\"https:\/\/aesudestebaiao.com\/online\/testemunho-cristina-palmeirao\/\">Ler mais&#8230;<\/a><\/p>\n\n\n\n\n\n\n\n<h6>Estabelecimentos de Educa\u00e7\u00e3o e Ensino<\/h6>\n\n<p><br><\/p>\n\n\n\n\n\n\n\n\n\n\n\n\n\n","protected":false},"excerpt":{"rendered":"","protected":false},"author":1,"featured_media":0,"parent":0,"menu_order":0,"comment_status":"closed","ping_status":"closed","template":"","meta":{"footnotes":""},"class_list":["post-163","page","type-page","status-publish","hentry"],"rttpg_featured_image_url":null,"rttpg_author":{"display_name":"admin","author_link":"https:\/\/aesudestebaiao.com\/online\/author\/admin\/"},"rttpg_comment":0,"rttpg_category":null,"rttpg_excerpt":null,"_links":{"self":[{"href":"https:\/\/aesudestebaiao.com\/online\/wp-json\/wp\/v2\/pages\/163","targetHints":{"allow":["GET"]}}],"collection":[{"href":"https:\/\/aesudestebaiao.com\/online\/wp-json\/wp\/v2\/pages"}],"about":[{"href":"https:\/\/aesudestebaiao.com\/online\/wp-json\/wp\/v2\/types\/page"}],"author":[{"embeddable":true,"href":"https:\/\/aesudestebaiao.com\/online\/wp-json\/wp\/v2\/users\/1"}],"replies":[{"embeddable":true,"href":"https:\/\/aesudestebaiao.com\/online\/wp-json\/wp\/v2\/comments?post=163"}],"version-history":[{"count":482,"href":"https:\/\/aesudestebaiao.com\/online\/wp-json\/wp\/v2\/pages\/163\/revisions"}],"predecessor-version":[{"id":2941,"href":"https:\/\/aesudestebaiao.com\/online\/wp-json\/wp\/v2\/pages\/163\/revisions\/2941"}],"wp:attachment":[{"href":"https:\/\/aesudestebaiao.com\/online\/wp-json\/wp\/v2\/media?parent=163"}],"curies":[{"name":"wp","href":"https:\/\/api.w.org\/{rel}","templated":true}]}}