{"id":226,"date":"2023-03-31T15:28:37","date_gmt":"2023-03-31T15:28:37","guid":{"rendered":"https:\/\/aesudestebaiao.com\/online\/?page_id=226"},"modified":"2023-06-19T14:56:54","modified_gmt":"2023-06-19T14:56:54","slug":"escola-digital","status":"publish","type":"page","link":"https:\/\/aesudestebaiao.com\/online\/escola-digital\/","title":{"rendered":"Escola Digital"},"content":{"rendered":"\n\n\n\n\n\n\n\n<p style=\"border: 0px rgb(233, 233, 233); outline: 0px; vertical-align: baseline; background-image: initial; background-position: initial; background-size: initial; background-repeat: initial; background-attachment: initial; background-origin: initial; background-clip: initial; margin-bottom: 20px; color: rgb(30, 30, 30); font-family: Cabin;\">CUCo \u00e9 uma tecnologia de seguran\u00e7a exclusiva para computadores, tablets e smartphones.<br style=\"border-color: rgb(233, 233, 233);\">Esta possibilita que um dispositivo realize um autoteste de conformidade que possibilita o respetivo bloqueio remoto, desbloqueio e localiza\u00e7\u00e3o.<\/p><p style=\"border: 0px rgb(233, 233, 233); outline: 0px; vertical-align: baseline; background-image: initial; background-position: initial; background-size: initial; background-repeat: initial; background-attachment: initial; background-origin: initial; background-clip: initial; margin-bottom: 20px; color: rgb(30, 30, 30); font-family: Cabin;\">Quando o equipamento \u00e9 bloqueado surge uma imagem semelhante \u00e0 seguinte:<\/p>\n\n<p style=\"border: 0px rgb(233, 233, 233); outline: 0px; vertical-align: baseline; background-image: initial; background-position: initial; background-size: initial; background-repeat: initial; background-attachment: initial; background-origin: initial; background-clip: initial; margin-bottom: 20px; color: rgb(30, 30, 30); font-family: Cabin;\"><strong style=\"border: 0px rgb(233, 233, 233); outline: 0px; vertical-align: baseline; background: transparent; font-weight: bold;\">O equipamento ainda n\u00e3o se encontra bloqueado?<\/strong><\/p><p style=\"border: 0px rgb(233, 233, 233); outline: 0px; vertical-align: baseline; background-image: initial; background-position: initial; background-size: initial; background-repeat: initial; background-attachment: initial; background-origin: initial; background-clip: initial; margin-bottom: 20px; color: rgb(30, 30, 30); font-family: Cabin;\">\u00c9 necess\u00e1rio efetuar a atualiza\u00e7\u00e3o do Sistema de Seguran\u00e7a CUCO de forma a evitar futuros bloqueios.<br style=\"border-color: rgb(233, 233, 233);\">Para o efeito realize as seguintes opera\u00e7\u00f5es:<\/p><ul style=\"border: 0px rgb(233, 233, 233); outline: 0px; vertical-align: baseline; background-image: initial; background-position: initial; background-size: initial; background-repeat: initial; background-attachment: initial; background-origin: initial; background-clip: initial; margin-left: 20px; list-style-position: initial; list-style-image: initial; color: rgb(30, 30, 30); font-family: Cabin; margin-bottom: 10px !important;\"><li style=\"border: 0px rgb(233, 233, 233); outline: 0px; vertical-align: baseline; background: transparent;\">Pare os servi\u00e7os do antiv\u00edrus;<\/li><li style=\"border: 0px rgb(233, 233, 233); outline: 0px; vertical-align: baseline; background: transparent;\">Aceda ao endere\u00e7o&nbsp;<a href=\"https:\/\/cuco.softi9.pt\/updates\" style=\"border: 0px rgb(233, 233, 233); outline: 0px; vertical-align: baseline; background-image: initial; background-position: initial; background-size: initial; background-repeat: initial; background-attachment: initial; background-origin: initial; background-clip: initial; transition: color 300ms ease 0s, background-color 300ms ease 0s, opacity 300ms ease 0s; color: rgb(51, 51, 51);\">https:\/\/cuco.inforlandia.pt\/updates<\/a>, descarregue o utilit\u00e1rio;<\/li><li style=\"border: 0px rgb(233, 233, 233); outline: 0px; vertical-align: baseline; background: transparent;\">Execute\/instale a atualiza\u00e7\u00e3o;<\/li><li style=\"border: 0px rgb(233, 233, 233); outline: 0px; vertical-align: baseline; background: transparent;\">Reinicie o port\u00e1til ap\u00f3s a atualiza\u00e7\u00e3o;<\/li><\/ul><p style=\"border: 0px rgb(233, 233, 233); outline: 0px; vertical-align: baseline; background-image: initial; background-position: initial; background-size: initial; background-repeat: initial; background-attachment: initial; background-origin: initial; background-clip: initial; margin-bottom: 20px; color: rgb(30, 30, 30); font-family: Cabin;\"><strong style=\"border: 0px rgb(233, 233, 233); outline: 0px; vertical-align: baseline; background: transparent; font-weight: bold;\">O equipamento j\u00e1 se encontra bloqueado?<\/strong><\/p><p style=\"border: 0px rgb(233, 233, 233); outline: 0px; vertical-align: baseline; background-image: initial; background-position: initial; background-size: initial; background-repeat: initial; background-attachment: initial; background-origin: initial; background-clip: initial; margin-bottom: 20px; color: rgb(30, 30, 30); font-family: Cabin;\">Para desbloquear realize as seguintes opera\u00e7\u00f5es:<\/p><ul style=\"border: 0px rgb(233, 233, 233); outline: 0px; vertical-align: baseline; background-image: initial; background-position: initial; background-size: initial; background-repeat: initial; background-attachment: initial; background-origin: initial; background-clip: initial; margin-left: 20px; list-style-position: initial; list-style-image: initial; color: rgb(30, 30, 30); font-family: Cabin; margin-bottom: 10px !important;\"><li style=\"border: 0px rgb(233, 233, 233); outline: 0px; vertical-align: baseline; background: transparent;\">Aceda ao site de desbloqueio do Sistema de Seguran\u00e7a CUCO (<a href=\"https:\/\/cuco.inforlandia.pt\/ucode\/\" style=\"border: 0px rgb(233, 233, 233); outline: 0px; vertical-align: baseline; background-image: initial; background-position: initial; background-size: initial; background-repeat: initial; background-attachment: initial; background-origin: initial; background-clip: initial; transition: color 300ms ease 0s, background-color 300ms ease 0s, opacity 300ms ease 0s; color: rgb(51, 51, 51);\">https:\/\/cuco.inforlandia.pt\/ucode\/<\/a>);<\/li><li style=\"border: 0px rgb(233, 233, 233); outline: 0px; vertical-align: baseline; background: transparent;\">Preencha os campos solicitados;<\/li><li style=\"border: 0px rgb(233, 233, 233); outline: 0px; vertical-align: baseline; background: transparent;\">Clique em mostrar C\u00f3digo;<\/li><li style=\"border: 0px rgb(233, 233, 233); outline: 0px; vertical-align: baseline; background: transparent;\">Ligue o port\u00e1til com o CUCO ativo \u00e0 internet;<\/li><li style=\"border: 0px rgb(233, 233, 233); outline: 0px; vertical-align: baseline; background: transparent;\">Insira o c\u00f3digo de desbloqueio no port\u00e1til bloqueado;<\/li><li style=\"border: 0px rgb(233, 233, 233); outline: 0px; vertical-align: baseline; background: transparent;\">Pare os servi\u00e7os do antiv\u00edrus recomendado);<\/li><li style=\"border: 0px rgb(233, 233, 233); outline: 0px; vertical-align: baseline; background: transparent;\">Execute a atualiza\u00e7\u00e3o do Sistema de Seguran\u00e7a CUCO, descrita no ponto anterior, de forma a evitar futuros bloqueios;<\/li><li style=\"border: 0px rgb(233, 233, 233); outline: 0px; vertical-align: baseline; background: transparent;\">Reinicie o equipamento.<\/li><\/ul><p style=\"border: 0px rgb(233, 233, 233); outline: 0px; vertical-align: baseline; background-image: initial; background-position: initial; background-size: initial; background-repeat: initial; background-attachment: initial; background-origin: initial; background-clip: initial; margin-bottom: 20px; color: rgb(30, 30, 30); font-family: Cabin;\"><strong style=\"border: 0px rgb(233, 233, 233); outline: 0px; vertical-align: baseline; background: transparent; font-weight: bold;\">Porque raz\u00e3o ocorre este bloqueio?<\/strong><\/p><p style=\"border: 0px rgb(233, 233, 233); outline: 0px; vertical-align: baseline; background-image: initial; background-position: initial; background-size: initial; background-repeat: initial; background-attachment: initial; background-origin: initial; background-clip: initial; margin-bottom: 20px; color: rgb(30, 30, 30); font-family: Cabin;\">Consulte aqui as informa\u00e7\u00f5es do Aviso de Seguran\u00e7a:&nbsp;<a href=\"http:\/\/cuco.softi9.pt\/updates\/20210517101.pdf\" style=\"border: 0px rgb(233, 233, 233); outline: 0px; vertical-align: baseline; background-image: initial; background-position: initial; background-size: initial; background-repeat: initial; background-attachment: initial; background-origin: initial; background-clip: initial; transition: color 300ms ease 0s, background-color 300ms ease 0s, opacity 300ms ease 0s; color: rgb(51, 51, 51);\">http:\/\/cuco.inforlandia.pt\/updates\/20210517101.pdf<\/a><\/p>\n\n\n\n\n\n\n","protected":false},"excerpt":{"rendered":"","protected":false},"author":1,"featured_media":0,"parent":0,"menu_order":0,"comment_status":"closed","ping_status":"closed","template":"","meta":{"footnotes":""},"class_list":["post-226","page","type-page","status-publish","hentry"],"rttpg_featured_image_url":null,"rttpg_author":{"display_name":"admin","author_link":"https:\/\/aesudestebaiao.com\/online\/author\/admin\/"},"rttpg_comment":0,"rttpg_category":null,"rttpg_excerpt":null,"_links":{"self":[{"href":"https:\/\/aesudestebaiao.com\/online\/wp-json\/wp\/v2\/pages\/226","targetHints":{"allow":["GET"]}}],"collection":[{"href":"https:\/\/aesudestebaiao.com\/online\/wp-json\/wp\/v2\/pages"}],"about":[{"href":"https:\/\/aesudestebaiao.com\/online\/wp-json\/wp\/v2\/types\/page"}],"author":[{"embeddable":true,"href":"https:\/\/aesudestebaiao.com\/online\/wp-json\/wp\/v2\/users\/1"}],"replies":[{"embeddable":true,"href":"https:\/\/aesudestebaiao.com\/online\/wp-json\/wp\/v2\/comments?post=226"}],"version-history":[{"count":4,"href":"https:\/\/aesudestebaiao.com\/online\/wp-json\/wp\/v2\/pages\/226\/revisions"}],"predecessor-version":[{"id":674,"href":"https:\/\/aesudestebaiao.com\/online\/wp-json\/wp\/v2\/pages\/226\/revisions\/674"}],"wp:attachment":[{"href":"https:\/\/aesudestebaiao.com\/online\/wp-json\/wp\/v2\/media?parent=226"}],"curies":[{"name":"wp","href":"https:\/\/api.w.org\/{rel}","templated":true}]}}