{"id":2668,"date":"2026-03-16T15:40:53","date_gmt":"2026-03-16T15:40:53","guid":{"rendered":"https:\/\/aesudestebaiao.com\/online\/?page_id=2668"},"modified":"2026-03-16T15:51:40","modified_gmt":"2026-03-16T15:51:40","slug":"podcast-a-voz-de-baiao-somos-nos","status":"publish","type":"page","link":"https:\/\/aesudestebaiao.com\/online\/podcast-a-voz-de-baiao-somos-nos\/","title":{"rendered":"Podcast &#8220;A voz de Bai\u00e3o somos n\u00f3s&#8221;"},"content":{"rendered":"\n\n\n<h2 style=\"color: rgb(242, 173, 72);\">Ano letivo <span style=\"color:#f2ad48ff;\"><span style=\"\"><\/span><\/span>2025\/2026<\/h2>\n\n\n\n\n<h7 style=\"color: rgb(242, 173, 72);\">Come\u00e7amos pela escola: entrevista ao diretor do Agrupamento<\/h7>\n\n\n\n<h7 style=\"color: rgb(242, 173, 72);\">Da Escola \u00e0 Freguesia: A for\u00e7a da voz dos jovens<\/h7>\n\n\n\n\n\n\n\n\n\n\n<h7 style=\"color: rgb(242, 173, 72);\">A voz de Bai\u00e3o: Associa\u00e7\u00e3o de Pais<\/h7>\n\n\n\n\n\n","protected":false},"excerpt":{"rendered":"","protected":false},"author":1,"featured_media":0,"parent":0,"menu_order":0,"comment_status":"closed","ping_status":"closed","template":"","meta":{"footnotes":""},"class_list":["post-2668","page","type-page","status-publish","hentry"],"rttpg_featured_image_url":null,"rttpg_author":{"display_name":"admin","author_link":"https:\/\/aesudestebaiao.com\/online\/author\/admin\/"},"rttpg_comment":0,"rttpg_category":null,"rttpg_excerpt":null,"_links":{"self":[{"href":"https:\/\/aesudestebaiao.com\/online\/wp-json\/wp\/v2\/pages\/2668","targetHints":{"allow":["GET"]}}],"collection":[{"href":"https:\/\/aesudestebaiao.com\/online\/wp-json\/wp\/v2\/pages"}],"about":[{"href":"https:\/\/aesudestebaiao.com\/online\/wp-json\/wp\/v2\/types\/page"}],"author":[{"embeddable":true,"href":"https:\/\/aesudestebaiao.com\/online\/wp-json\/wp\/v2\/users\/1"}],"replies":[{"embeddable":true,"href":"https:\/\/aesudestebaiao.com\/online\/wp-json\/wp\/v2\/comments?post=2668"}],"version-history":[{"count":4,"href":"https:\/\/aesudestebaiao.com\/online\/wp-json\/wp\/v2\/pages\/2668\/revisions"}],"predecessor-version":[{"id":2672,"href":"https:\/\/aesudestebaiao.com\/online\/wp-json\/wp\/v2\/pages\/2668\/revisions\/2672"}],"wp:attachment":[{"href":"https:\/\/aesudestebaiao.com\/online\/wp-json\/wp\/v2\/media?parent=2668"}],"curies":[{"name":"wp","href":"https:\/\/api.w.org\/{rel}","templated":true}]}}