{"id":350,"date":"2023-04-03T15:20:17","date_gmt":"2023-04-03T15:20:17","guid":{"rendered":"https:\/\/aesudestebaiao.com\/online\/?page_id=350"},"modified":"2026-03-27T20:35:49","modified_gmt":"2026-03-27T20:35:49","slug":"conselho-geral","status":"publish","type":"page","link":"https:\/\/aesudestebaiao.com\/online\/conselho-geral\/","title":{"rendered":"Conselho Geral"},"content":{"rendered":"\n\n\n\n\n\n\nConselho Geral\n\n\n\n\n<p><strong style=\"color: rgb(242, 173, 72);\">Dire<span style=\"color:#f2ad48ff;\"><\/span>tor<\/strong>&nbsp;&#8211; Jos\u00e9 Vicente<\/p>\n<p><strong style=\"color: rgb(242, 173, 72);\">Presidente do Org\u00e3o<\/strong> &#8211; Sandra M\u00f3nica D. Almeida<\/p>\n\n\n<p><strong>Pr\u00e9-escolar<\/strong><br>Cristina Maria C. C. M. Pereira<br>Lu\u00edsa Maria Rocha Correia &#8211; <em>Pr\u00e9-escolar<\/em><\/p><p><strong>1\u00ba ciclo<\/strong><br>Cristina Nogueira<br>Lina Correia<\/p><p><strong>2\u00ba ciclo<\/strong><br>Jo\u00e3o Garcia Gomes<\/p><p><strong>3\u00ba ciclo<\/strong><br>Ana Marisa Almeida<br>Guido An\u00edbal Rodrigues<br>Sandra M\u00f3nica D. Almeida<br><\/p>\n\n\n\n\n<p>Cristina Maria S. Pereira<br><span style=\"color: rgba(15, 12, 12, 0.96);\">Jos\u00e9 Jo\u00e3o M. Loureiro<\/span><\/p>\n\n\n\n\n<p><strong>&#8211; Associa\u00e7\u00e3o Humanit\u00e1ria dos Bombeiros Volunt\u00e1rios de Santa Marinha do Z\u00eazere<br><\/strong><span style=\"color: rgba(15, 12, 12, 0.96);\">Leandro Jos\u00e9 Costa Amorim<\/span><\/p><p><strong>&#8211; Centro de Sa\u00fade de Bai\u00e3o<br><\/strong>Ana Paula Pinto Castro<\/p><p><strong>&#8211; Banda Musical da Casa do Povo Santa Marinha do Z\u00eazere<br><\/strong><span style=\"color: rgba(15, 12, 12, 0.96);\">S\u00f3nia Nogueira<\/span><\/p>\n\n\n<p>Sandra Isabel Pinto<\/p><p>Nuno Miguel P. Macedo\n<\/p><p>Marlene Sofia P. F. Cerqueira\n<\/p><p>S\u00f3nia Isabel R. G. Pinheiro<\/p><p>N\u00e1dia Filipa Pinto Pegas<\/p><p>Vera L\u00facia Ribeiro Pinto<\/p>\n\n\n\n\n<p>Ana Raquel Azevedo<\/p><p>Susana Monteiro<\/p><p>Carla Pinto<\/p>\n\n\n","protected":false},"excerpt":{"rendered":"","protected":false},"author":1,"featured_media":0,"parent":0,"menu_order":0,"comment_status":"closed","ping_status":"closed","template":"","meta":{"footnotes":""},"class_list":["post-350","page","type-page","status-publish","hentry"],"rttpg_featured_image_url":null,"rttpg_author":{"display_name":"admin","author_link":"https:\/\/aesudestebaiao.com\/online\/author\/admin\/"},"rttpg_comment":0,"rttpg_category":null,"rttpg_excerpt":null,"_links":{"self":[{"href":"https:\/\/aesudestebaiao.com\/online\/wp-json\/wp\/v2\/pages\/350","targetHints":{"allow":["GET"]}}],"collection":[{"href":"https:\/\/aesudestebaiao.com\/online\/wp-json\/wp\/v2\/pages"}],"about":[{"href":"https:\/\/aesudestebaiao.com\/online\/wp-json\/wp\/v2\/types\/page"}],"author":[{"embeddable":true,"href":"https:\/\/aesudestebaiao.com\/online\/wp-json\/wp\/v2\/users\/1"}],"replies":[{"embeddable":true,"href":"https:\/\/aesudestebaiao.com\/online\/wp-json\/wp\/v2\/comments?post=350"}],"version-history":[{"count":25,"href":"https:\/\/aesudestebaiao.com\/online\/wp-json\/wp\/v2\/pages\/350\/revisions"}],"predecessor-version":[{"id":2807,"href":"https:\/\/aesudestebaiao.com\/online\/wp-json\/wp\/v2\/pages\/350\/revisions\/2807"}],"wp:attachment":[{"href":"https:\/\/aesudestebaiao.com\/online\/wp-json\/wp\/v2\/media?parent=350"}],"curies":[{"name":"wp","href":"https:\/\/api.w.org\/{rel}","templated":true}]}}