{"id":512,"date":"2023-05-31T08:34:16","date_gmt":"2023-05-31T08:34:16","guid":{"rendered":"https:\/\/aesudestebaiao.com\/online\/?page_id=512"},"modified":"2026-04-20T15:07:57","modified_gmt":"2026-04-20T15:07:57","slug":"emaei","status":"publish","type":"page","link":"https:\/\/aesudestebaiao.com\/online\/emaei\/","title":{"rendered":"EMAEI"},"content":{"rendered":"\n\n\n\n\n\n\n\n\nEQUIPA MULTIDISCIPLINAR DE APOIO \u00c0 EDUCA\u00c7\u00c3O INCLUSIVA\n<p style=\"text-align: justify;\">Na sequ\u00eancia da publica\u00e7\u00e3o do Decreto-Lei n\u00ba 54\/2018, de 6 de julho e tendo em conta as altera\u00e7\u00f5es introduzidas pela Lei n.\u00ba 116\/2019, de 13 de setembro, a Equipa Multidisciplinar de Apoio \u00e0 Educa\u00e7\u00e3o Inclusiva (EMAEI), constitui um recurso organizacional espec\u00edfico de apoio \u00e0 aprendizagem.\nA EMAEI desenvolve as suas atividades de forma integrada, articulando os recursos organizacionais do Agrupamento e recursos espec\u00edficos existentes na comunidade.<\/p>\n\n\n\n\n\n\n\n\n<p><strong style=\"color: rgb(242, 173, 72);\">&#8211; Coordenadora<\/strong><br>Neli Carneiro<\/p><p><span style=\"font-weight: bolder; color: rgb(242, 173, 72);\">&#8211; Adjunta do diretor<\/span><br>S\u00f3nia Teixeira<\/p><p><span style=\"font-weight: bolder; color: rgb(242, 173, 72);\">&#8211; Docente de educa\u00e7\u00e3o especial<\/span><br>Neli Carneiro<\/p><p><span style=\"font-size:12.5pt;mso-bidi-font-size:10.5pt;\nline-height:115%;font-family:&quot;Arial&quot;,sans-serif;mso-fareast-font-family:&quot;Times New Roman&quot;;\nmso-ansi-language:PT;mso-fareast-language:PT;mso-bidi-language:AR-SA\"><strong style=\"color: rgb(242, 173, 72);\">&#8211; Membros\ndo conselho pedag\u00f3gico com fun\u00e7\u00f5es de coordena\u00e7\u00e3o pedag\u00f3gica de diferentes\nn\u00edveis de educa\u00e7\u00e3o e ensino<\/strong><\/span><br>Adriano Pereira<br>Alzira Gaspar<br>C\u00e1tia Fraga<\/p><p><span style=\"font-weight: bolder; color: rgb(242, 173, 72);\">&#8211; Psic\u00f3loga<\/span><br>Carla Pereira<\/p><span style=\"font-size:small;\"><p><\/p><p class=\"MsoNormal\" style=\"margin-bottom: 0cm; text-align: justify; line-height: 150%; background-image: initial; background-position: initial; background-size: initial; background-repeat: initial; background-attachment: initial; background-origin: initial; background-clip: initial; vertical-align: baseline;\"><span style=\"line-height: 150%; font-family: Arial, sans-serif; color: black;\"><em>*Pode incluir elementos vari\u00e1veis em fun\u00e7\u00e3o de cada\nsitua\u00e7\u00e3o.<\/em><\/span><\/p><\/span>\n\n\n\n\n\n\n\n\u2022\tSensibilizar a comunidade educativa para a educa\u00e7\u00e3o inclusiva;\n<br>\u2022\tIdentificar a necessidade de medidas de suporte \u00e0 aprendizagem e \u00e0 inclus\u00e3o, em fun\u00e7\u00e3o da an\u00e1lise rigorosa do processo de identifica\u00e7\u00e3o;\n<br>\u2022\tPropor as medidas de suporte \u00e0 aprendizagem a mobilizar;\n<br>\u2022\tAcompanhar e monitorizar a aplica\u00e7\u00e3o e efic\u00e1cia das medidas de suporte \u00e0 aprendizagem;\n<br>\u2022\tPrestar aconselhamento aos docentes na implementa\u00e7\u00e3o de pr\u00e1ticas pedag\u00f3gicas inclusivas;\n<br>\u2022\tOrientar a elabora\u00e7\u00e3o dos documentos de suporte \u00e0 implementa\u00e7\u00e3o de medidas;\n<br>\u2022\tAcompanhar o funcionamento do Centro de Apoio \u00e0 Aprendizagem;\n<br>\u2022\tProceder \u00e0 monitoriza\u00e7\u00e3o dos processos implementados, bem como das interven\u00e7\u00f5es realizadas.<p><br><\/p><p><\/p><p class=\"MsoNormal\" style=\"margin-bottom: 0cm; text-align: justify; line-height: 150%; background-image: initial; background-position: initial; background-size: initial; background-repeat: initial; background-attachment: initial; background-origin: initial; background-clip: initial; vertical-align: baseline;\"><span style=\"color:black;\nmso-color-alt:windowtext\"><a href=\"https:\/\/dre.pt\/dre\/detalhe\/decreto-lei\/54-2018-115652961\" target=\"_blank\" rel=\"noopener\"><strong>Decreto-Lei\nn.\u00ba 54\/2018 \u2013 Educa\u00e7\u00e3o inclusiva<\/strong><\/a><\/span><\/p><p class=\"MsoNormal\" style=\"margin-bottom: 0cm; text-align: justify; line-height: 150%; background-image: initial; background-position: initial; background-size: initial; background-repeat: initial; background-attachment: initial; background-origin: initial; background-clip: initial; vertical-align: baseline;\"><a href=\"https:\/\/diariodarepublica.pt\/dr\/detalhe\/decreto-lei\/55-2018-115652962\" target=\"_blank\" rel=\"noopener\" style=\"background-color: rgb(255, 255, 255); color: rgb(30, 30, 187);\"><span style=\"font-weight: bolder;\"><span style=\"color:#000000;\">Decreto-Lei n.\u00ba 55\/2018, de 6 de julho &#8211; Estabelece o curr\u00edculo dos ensinos b\u00e1sico e secund\u00e1rio e os princ\u00edpios orientadores da avalia\u00e7\u00e3o das aprendizagens.<\/span>\n<\/span><\/a><br><\/p><p class=\"MsoNormal\" style=\"margin-bottom: 0cm; text-align: justify; line-height: 150%; background-image: initial; background-position: initial; background-size: initial; background-repeat: initial; background-attachment: initial; background-origin: initial; background-clip: initial; vertical-align: baseline;\"><a href=\"https:\/\/diariodarepublica.pt\/dr\/detalhe\/lei\/116-2019-124680588\" target=\"_blank\" rel=\"noopener\" style=\"background-color: rgb(255, 255, 255);\"><span style=\"font-weight: bolder;\">Lei n.\u00ba 116\/2019  de 13 de setembro<\/span><\/a><\/p><p class=\"MsoNormal\" style=\"margin-bottom: 0cm; text-align: justify; line-height: 150%; background-image: initial; background-position: initial; background-size: initial; background-repeat: initial; background-attachment: initial; background-origin: initial; background-clip: initial; vertical-align: baseline;\"><a href=\"https:\/\/www.dge.mec.pt\/sites\/default\/files\/EEspecial\/manual_de_apoio_a_pratica.pdf\" target=\"_blank\" rel=\"noopener\" style=\"text-align: left; background-color: rgb(255, 255, 255);\"><strong>Para\numa Educa\u00e7\u00e3o Inclusiva \u2013 Manual de apoio \u00e0 pr\u00e1tica<\/strong><\/a><br><\/p>\n\n\n","protected":false},"excerpt":{"rendered":"","protected":false},"author":1,"featured_media":0,"parent":0,"menu_order":0,"comment_status":"closed","ping_status":"closed","template":"","meta":{"footnotes":""},"class_list":["post-512","page","type-page","status-publish","hentry"],"rttpg_featured_image_url":null,"rttpg_author":{"display_name":"admin","author_link":"https:\/\/aesudestebaiao.com\/online\/author\/admin\/"},"rttpg_comment":0,"rttpg_category":null,"rttpg_excerpt":null,"_links":{"self":[{"href":"https:\/\/aesudestebaiao.com\/online\/wp-json\/wp\/v2\/pages\/512","targetHints":{"allow":["GET"]}}],"collection":[{"href":"https:\/\/aesudestebaiao.com\/online\/wp-json\/wp\/v2\/pages"}],"about":[{"href":"https:\/\/aesudestebaiao.com\/online\/wp-json\/wp\/v2\/types\/page"}],"author":[{"embeddable":true,"href":"https:\/\/aesudestebaiao.com\/online\/wp-json\/wp\/v2\/users\/1"}],"replies":[{"embeddable":true,"href":"https:\/\/aesudestebaiao.com\/online\/wp-json\/wp\/v2\/comments?post=512"}],"version-history":[{"count":25,"href":"https:\/\/aesudestebaiao.com\/online\/wp-json\/wp\/v2\/pages\/512\/revisions"}],"predecessor-version":[{"id":2965,"href":"https:\/\/aesudestebaiao.com\/online\/wp-json\/wp\/v2\/pages\/512\/revisions\/2965"}],"wp:attachment":[{"href":"https:\/\/aesudestebaiao.com\/online\/wp-json\/wp\/v2\/media?parent=512"}],"curies":[{"name":"wp","href":"https:\/\/api.w.org\/{rel}","templated":true}]}}