{"id":534,"date":"2023-06-14T13:21:39","date_gmt":"2023-06-14T13:21:39","guid":{"rendered":"https:\/\/aesudestebaiao.com\/online\/?page_id=534"},"modified":"2023-06-14T13:28:54","modified_gmt":"2023-06-14T13:28:54","slug":"testemunho-jani-ribeiro-e-ines-abreu","status":"publish","type":"page","link":"https:\/\/aesudestebaiao.com\/online\/testemunho-jani-ribeiro-e-ines-abreu\/","title":{"rendered":"Testemunho Jani Ribeiro e In\u00eas Abreu"},"content":{"rendered":"\n\n\n\n\n\n\n\n<p class=\"MsoNormal\" style=\"text-align:justify;text-indent:35.4pt;line-height:\n150%\"><span style=\"font-size:12.0pt;mso-bidi-font-size:11.0pt;line-height:150%;\nfont-family:&quot;Arial&quot;,sans-serif\"><br><\/span><\/p>\n<p class=\"MsoNormal\" style=\"text-align:justify;text-indent:35.4pt;line-height:\n150%\"><span style=\"font-size:12.0pt;mso-bidi-font-size:11.0pt;line-height:150%;\nfont-family:&quot;Arial&quot;,sans-serif\">Frequentamos o Agrupamento de Escolas do Sudeste\nde Bai\u00e3o, ainda no pr\u00e9-escolar, mas foi s\u00f3 a partir do quinto ano que iniciamos\njuntas uma nova etapa, na Escola B\u00e1sica de Santa Marinha do Z\u00eazere. <o:p><\/o:p><\/span><\/p><p class=\"MsoNormal\" style=\"text-align:justify;text-indent:35.4pt;line-height:\n150%\"><span style=\"font-size:12.0pt;mso-bidi-font-size:11.0pt;line-height:150%;\nfont-family:&quot;Arial&quot;,sans-serif\">O nosso percurso escolar foi modelado por\nmuitas alegrias, brincadeiras e amizades, com estudo \u00e0 mistura, mas sem grandes\nsobressaltos. Fomos muito bem acolhidas, na escola \u201cdos grandes\u201d pelos\nprofessores e funcion\u00e1rios que estavam l\u00e1 sempre que precis\u00e1vamos.&nbsp;&nbsp;&nbsp;&nbsp;&nbsp;&nbsp;&nbsp;&nbsp;&nbsp;&nbsp;&nbsp;&nbsp;&nbsp;&nbsp;&nbsp;&nbsp;&nbsp;&nbsp;&nbsp;&nbsp;&nbsp;&nbsp;&nbsp;&nbsp; <o:p><\/o:p><\/span><\/p><p class=\"MsoNormal\" style=\"text-align:justify;text-indent:35.4pt;line-height:\n150%\"><span style=\"font-size:12.0pt;mso-bidi-font-size:11.0pt;line-height:150%;\nfont-family:&quot;Arial&quot;,sans-serif\">Da passagem pela escola, temos muitos momentos\nmarcantes e que recordamos com saudade e nostalgia, desde o cheirinho da comida\nda D. Minda, \u00e0s mistas apetitosas da D. Concei\u00e7\u00e3o do bar, passando pela simpatia\nda D. Sandrinha da papelaria e de tantas outras pessoas que acompanharam o\nnosso crescimento. Da sala de aula, ficaram na mem\u00f3ria a cumplicidade que fomos\ncriando com alguns professores, as gargalhadas e conversas, e at\u00e9 confid\u00eancias que\npartilh\u00e1vamos no final das aulas, algumas vezes misturadas com os docinhos que\nreceb\u00edamos, com carinho, no final de cada per\u00edodo. <o:p><\/o:p><\/span><\/p><p class=\"MsoNormal\" style=\"text-align:justify;text-indent:35.4pt;line-height:\n150%\"><span style=\"font-size:12.0pt;mso-bidi-font-size:11.0pt;line-height:150%;\nfont-family:&quot;Arial&quot;,sans-serif\">Ao longo desses anos, tamb\u00e9m, ouvimos alguns\n\u201cserm\u00f5es\u201d que, na altura, nem perceb\u00edamos como tal e depressa ca\u00edam no\nesquecimento.<o:p><\/o:p><\/span><\/p><p class=\"MsoNormal\" style=\"text-align:justify;text-indent:35.4pt;line-height:\n150%\"><span style=\"font-size:12.0pt;mso-bidi-font-size:11.0pt;line-height:150%;\nfont-family:&quot;Arial&quot;,sans-serif\">E o tempo passou muito r\u00e1pido\u2026. <o:p><\/o:p><\/span><\/p><p class=\"MsoNormal\" style=\"text-align:justify;text-indent:35.4pt;line-height:\n150%\"><span style=\"font-size:12.0pt;mso-bidi-font-size:11.0pt;line-height:150%;\nfont-family:&quot;Arial&quot;,sans-serif\">Findo o 9.\u00ba ano, prosseguimos os estudos na\nEscola Secund\u00e1ria de Bai\u00e3o e, agora, j\u00e1 estamos no ensino superior. Ironia do\ndestino ou golpe de sorte, hoje, continuamos juntas e estamos a partilhar casa\nno Porto. Eu, Jani, frequento o 1.\u00ba ano do curso de Direito, na Faculdade de\nDireito da Universidade do Porto e eu, In\u00eas Abreu, frequento o ISCET, no curso\nde Marketing.&nbsp;&nbsp;&nbsp;&nbsp; <o:p><\/o:p><\/span><\/p><p class=\"MsoNormal\" style=\"text-align:justify;text-indent:35.4pt;line-height:\n150%\"><span style=\"font-size:12.0pt;mso-bidi-font-size:11.0pt;line-height:150%;\nfont-family:&quot;Arial&quot;,sans-serif\">Estamos gratas por tudo aquilo que o AESB nos\nofereceu e ensinou e, ainda hoje, sempre que h\u00e1 uma oportunidade, visitamos a\nescola para matar saudades e p\u00f4r a conversa em dia.<\/span><\/p>\n<p class=\"MsoNormal\" style=\"text-align:justify;text-indent:35.4pt;line-height:\n150%\"><span style=\"font-size:12.0pt;mso-bidi-font-size:11.0pt;line-height:150%;\nfont-family:&quot;Arial&quot;,sans-serif\"><o:p><\/o:p><\/span><\/p><p class=\"MsoNormal\" align=\"right\" style=\"margin-bottom:0cm;text-align:right;\ntext-indent:35.4pt;line-height:150%\"><span style=\"font-size:12.0pt;mso-bidi-font-size:\n11.0pt;line-height:150%;font-family:&quot;Arial&quot;,sans-serif\"><br><\/span><\/p>\n<p class=\"MsoNormal\" align=\"right\" style=\"margin-bottom:0cm;text-align:right;\ntext-indent:35.4pt;line-height:150%\"><span style=\"font-size:12.0pt;mso-bidi-font-size:\n11.0pt;line-height:150%;font-family:&quot;Arial&quot;,sans-serif\"><br><\/span><\/p>\n<p class=\"MsoNormal\" align=\"right\" style=\"margin-bottom:0cm;text-align:right;\ntext-indent:35.4pt;line-height:150%\"><span style=\"font-size:12.0pt;mso-bidi-font-size:\n11.0pt;line-height:150%;font-family:&quot;Arial&quot;,sans-serif\">Jani Ribeiro e In\u00eas\nAbreu,<o:p><\/o:p><\/span><\/p><p>\n\n\n\n\n\n\n\n\n\n\n\n\n\n\n\n<\/p><p class=\"MsoNormal\" align=\"right\" style=\"margin-bottom:0cm;text-align:right;\ntext-indent:35.4pt;line-height:150%\"><span style=\"font-size:12.0pt;mso-bidi-font-size:\n11.0pt;line-height:150%;font-family:&quot;Arial&quot;,sans-serif\">07 de junho de 2023<o:p><\/o:p><\/span><\/p>\n\n\n","protected":false},"excerpt":{"rendered":"","protected":false},"author":1,"featured_media":0,"parent":0,"menu_order":0,"comment_status":"closed","ping_status":"closed","template":"","meta":{"footnotes":""},"class_list":["post-534","page","type-page","status-publish","hentry"],"rttpg_featured_image_url":null,"rttpg_author":{"display_name":"admin","author_link":"https:\/\/aesudestebaiao.com\/online\/author\/admin\/"},"rttpg_comment":0,"rttpg_category":null,"rttpg_excerpt":null,"_links":{"self":[{"href":"https:\/\/aesudestebaiao.com\/online\/wp-json\/wp\/v2\/pages\/534","targetHints":{"allow":["GET"]}}],"collection":[{"href":"https:\/\/aesudestebaiao.com\/online\/wp-json\/wp\/v2\/pages"}],"about":[{"href":"https:\/\/aesudestebaiao.com\/online\/wp-json\/wp\/v2\/types\/page"}],"author":[{"embeddable":true,"href":"https:\/\/aesudestebaiao.com\/online\/wp-json\/wp\/v2\/users\/1"}],"replies":[{"embeddable":true,"href":"https:\/\/aesudestebaiao.com\/online\/wp-json\/wp\/v2\/comments?post=534"}],"version-history":[{"count":5,"href":"https:\/\/aesudestebaiao.com\/online\/wp-json\/wp\/v2\/pages\/534\/revisions"}],"predecessor-version":[{"id":541,"href":"https:\/\/aesudestebaiao.com\/online\/wp-json\/wp\/v2\/pages\/534\/revisions\/541"}],"wp:attachment":[{"href":"https:\/\/aesudestebaiao.com\/online\/wp-json\/wp\/v2\/media?parent=534"}],"curies":[{"name":"wp","href":"https:\/\/api.w.org\/{rel}","templated":true}]}}