{"id":677,"date":"2023-06-28T07:46:36","date_gmt":"2023-06-28T07:46:36","guid":{"rendered":"https:\/\/aesudestebaiao.com\/online\/?page_id=677"},"modified":"2023-06-28T07:51:18","modified_gmt":"2023-06-28T07:51:18","slug":"testemunho-cristina-palmeirao","status":"publish","type":"page","link":"https:\/\/aesudestebaiao.com\/online\/testemunho-cristina-palmeirao\/","title":{"rendered":"Testemunho Cristina Palmeir\u00e3o"},"content":{"rendered":"\n\n\n<h2><br><\/h2>\n<p class=\"MsoNormal\"><b><span style=\"font-size:14.0pt;line-height:107%;\nfont-family:&quot;Fairwater Script&quot;\">Da amiga <span style=\"color:#A6A6A6;mso-themecolor:\nbackground1;mso-themeshade:166\">cr\u00edtica<\/span><o:p><\/o:p><\/span><\/b><\/p><p class=\"MsoNormal\"><b><span style=\"font-size:14.0pt;line-height:107%;\nfont-family:&quot;Fairwater Script&quot;\">Cristina Palmeir\u00e3o&nbsp;<a href=\"file:\/\/\/C:\/Users\/AESB\/Downloads\/Texto%20para%20Ae%20Sudeste%20de%20Bai%C3%A3o%20-%2011%20junho%202023_v2.docx#_ftn1\" name=\"_ftnref1\" title=\"\"><span class=\"MsoFootnoteReference\"><!--[if !supportFootnotes]--><span class=\"MsoFootnoteReference\"><b><span style=\"font-size: small; line-height: 107%;\">[1]<\/span><\/b><\/span><!--[endif]--><\/span><\/a>\n<o:p><\/o:p><\/span><\/b><\/p><p class=\"MsoNormal\" style=\"text-align:justify;line-height:150%\"><span style=\"font-size:12.0pt;line-height:150%\">&nbsp;<\/span><\/p><p class=\"MsoNormal\" style=\"text-align:justify;line-height:150%\"><span style=\"font-size:12.0pt;line-height:150%\">S\u00e3o j\u00e1 treze anos que nos ligam ao\nAgrupamento de Escolas do Sudeste de Bai\u00e3o, um tempo que acompanha a lideran\u00e7a\nda Professora Manuela Miranda e de todos os professores que est\u00e3o e passam\nneste agrupamento, trabalhando e cuidando dos seus alunos de modo a desenvolver\nem cada um deles as aprendizagens que os capacitem para bem-viver. Anos de\nmuito trabalho e um longo e moroso processo de pequenas conquistas que, ano a\nano, revelam trajet\u00f3rias positivas e melhorias sucessivas e muito importantes\nnas suas vidas futuras, como t\u00eam testemunhados muitos dos seus ex-alunos. &nbsp;<o:p><\/o:p><\/span><\/p><p class=\"MsoNormal\" style=\"text-align:justify;line-height:150%\"><span style=\"font-size:12.0pt;line-height:150%\">Desde a sua integra\u00e7\u00e3o, em 2009, no Programa\nTerrit\u00f3rios de Educa\u00e7\u00e3o Priorit\u00e1ria (TEIP), os indicadores e as taxas relativas\nao sucesso educativo s\u00e3o paulatinamente melhores, circunst\u00e2ncia que se deve a\num trabalho colaborativo de grande proximidade e de preocupa\u00e7\u00e3o constante entre\ntodos e sobretudo a um processo de a\u00e7\u00e3o-reflex\u00e3o-a\u00e7\u00e3o din\u00e2mica e interativa entre\nDire\u00e7\u00e3o, Conselho Pedag\u00f3gico, Coordenadores de Departamento e\/ou Grupo de\nDoc\u00eancia e entre Equipas &#8211; TEIP, Auto-Avalia\u00e7\u00e3o, Multidisciplinares e com os\nParceiros, em articula\u00e7\u00e3o com o Consultor Cient\u00edfico<a href=\"file:\/\/\/C:\/Users\/AESB\/Downloads\/Texto%20para%20Ae%20Sudeste%20de%20Bai%C3%A3o%20-%2011%20junho%202023_v2.docx#_ftn2\" name=\"_ftnref2\" title=\"\"><span class=\"MsoFootnoteReference\"><!--[if !supportFootnotes]--><span class=\"MsoFootnoteReference\"><span style=\"font-size:12.0pt;line-height:107%;\nfont-family:&quot;Calibri&quot;,sans-serif;mso-ascii-theme-font:minor-latin;mso-fareast-font-family:\nCalibri;mso-fareast-theme-font:minor-latin;mso-hansi-theme-font:minor-latin;\nmso-bidi-font-family:&quot;Times New Roman&quot;;mso-bidi-theme-font:minor-bidi;\nmso-ansi-language:PT;mso-fareast-language:EN-US;mso-bidi-language:AR-SA\">[2]<\/span><\/span><!--[endif]--><\/span><\/a>.\n&nbsp;<o:p><\/o:p><\/span><\/p><p class=\"MsoNormal\" style=\"text-align:justify;line-height:150%\"><span style=\"font-size:12.0pt;line-height:150%\">Aprendizagem, conhecimento e\nbem-estar s\u00e3o as h\u00e9lices que geram a energia necess\u00e1ria \u00e0 vida desta comunidade\neducativa e que eu tenho o orgulho e privil\u00e9gio de integrar e acompanhar. O sentido\n\u00e9 ativar a participa\u00e7\u00e3o, o debate e a reflex\u00e3o-a\u00e7\u00e3o com os v\u00e1rios elementos da\ncomunidade educativa \u2013 professores, alunos, encarregados de educa\u00e7\u00e3o, em\ndiferentes momentos e, sempre que poss\u00edvel, com eles, encontrar alternativas de\ndiferente natureza \u2013 organizacional, curricular e pedag\u00f3gica, formativa, sustentada\ne orientada pela literatura nacional e internacional e\/ou por pr\u00e1ticas educativas\nde sucesso, a fim de (des)envolver&nbsp; saberes\ne compet\u00eancias diversos (e.g. leitoras, cient\u00edficas, colaborativas), implicando\no exerc\u00edcio de v\u00e1rias metodologias e\/ou atividades (e.g. Projetos\nInterdisciplinares,&nbsp; Tert\u00falias Liter\u00e1rias\nDial\u00f3gicas, Pr\u00e1ticas Laboratoriais e Experimentais, Tutorias, Tert\u00falias com a\nComunidade, Equipas Pedag\u00f3gicas). Numa estrat\u00e9gia global e num processo de\nmonitoriza\u00e7\u00e3o cont\u00ednuo e dial\u00f3gico a an\u00e1lise de cada uma das a\u00e7\u00f5es do projeto\neducativo e do plano plurianual de melhoria fazem-se de forma partilhada e\nconstrutiva. <o:p><\/o:p><\/span><\/p><p class=\"MsoNormal\" style=\"text-align:justify;line-height:150%\"><span style=\"font-size:12.0pt;line-height:150%\">Olhando um pouco para tr\u00e1s, recordo o\nSemin\u00e1rio das Escolas TEIP &#8211; \u201cO imperativo das aprendizagens: vis\u00f5es partilhadas\u201d,\nrealizado o ano passado (2022), a vinte e tr\u00eas de novembro, quando a Professora\nBibiana Monteiro, Coordenadora TEIP, na sua comunica\u00e7\u00e3o \u201cPara que todos\naprendam\u201d, assinalou o esfor\u00e7o de todos e a evolu\u00e7\u00e3o paulatina do agrupamento,\nevidenciando dados positivos \u2013 acad\u00e9micos, sociais e da rela\u00e7\u00e3o com a comunidade,\nao mesmo tempo que foi enfatizando a diminui\u00e7\u00e3o met\u00f3dica das taxas de reten\u00e7\u00e3o,\nde abandono, de absentismo e das situa\u00e7\u00f5es de indisciplina, fatores muito\nimportantes que fundamentam e demonstram o trabalho que se vem desenvolvendo ao\nlongo do tempo e que asseguram e garantem a melhoria do agrupamento e das\npessoas que l\u00e1 estudam e se v\u00e3o formando em cada ciclo de estudos. &nbsp;<o:p><\/o:p><\/span><\/p><p class=\"MsoNormal\" style=\"text-align:justify;line-height:150%\"><span style=\"font-size:12.0pt;line-height:150%\">\u00c9 pelo di\u00e1logo, pela partilha e pelo\nmaior envolvimento dos alunos nos processos de aprendizagem, que se deseja cada\nvez mais cooperativa, em contacto com a natureza e seguindo uma metodologia de\nensino e de aprendizagem onde todos participam que se criam experi\u00eancias de\ndiferencia\u00e7\u00e3o pedag\u00f3gica, novos projetos e pr\u00e1ticas inovadoras de aprendizagem,\nquer em sala de aula, quer fora delas (e.g. Semear Ci\u00eancia; LEVA \u2013 Leitura e\nescrita com valor(es); Na rota do Rom\u00e2nico; A minha escola n\u00e3o tem paredes;\nAulas para l\u00e1 do Mar\u00e3o).&nbsp; <o:p><\/o:p><\/span><\/p><p class=\"MsoNormal\" style=\"text-align:justify;line-height:150%\"><span style=\"font-size:12.0pt;line-height:150%\">Em suma, os desafios t\u00eam sido diversos,\nnaquele que \u00e9 considerado o primeiro munic\u00edpio certificado como \u201cDestino\nTur\u00edstico Sustent\u00e1vel\u201d, onde impera a qualidade ambiental e os recursos\nnaturais, eclodem progressivamente ambientes de aprendizagem positivos de\niguais caracter\u00edsticas, fruto da a\u00e7\u00e3o e do esfor\u00e7o de todos, seguindo um\nProjeto Educativo cuja miss\u00e3o passa por \u201cprestar \u00e0 comunidade um servi\u00e7o\neducativo de qualidade, com base num ambiente dial\u00f3gico, participativo,\nflex\u00edvel e integrador\u201d (PE, 2020-2023, p. 4)\u201d.<o:p><\/o:p><\/span><\/p><p class=\"MsoNormal\" style=\"text-align:justify;line-height:150%\"><span style=\"font-size:12.0pt;line-height:150%\">No nosso horizonte permanece o desejo\nde continuarmos, em conjunto, a fazer caminho, num passo firme e crescente, estimulando,\npromovendo e aprofundando saberes e pr\u00e1ticas pedag\u00f3gicas flex\u00edveis que selem\ncompromissos, uns com os outros, de forma a criar ambientes de aprendizagem,\nconviv\u00eancia e de participa\u00e7\u00e3o cooperativos e colaborativos. &nbsp;<o:p><\/o:p><\/span><\/p><p>\n\n\n\n\n\n\n\n\n\n\n\n\n\n\n\n\n\n\n\n<\/p>\n<div><br><\/div>\n<p><br><\/p>\n<p><br clear=\"all\">\n\n<span style=\"font-size: small;\"><em>\n\n<!--[endif]-->\n\n<\/em><\/span><\/p><p id=\"ftn1\"><em>\n\n<\/em><\/p><p class=\"MsoFootnoteText\" style=\"text-align:justify\"><em><a href=\"file:\/\/\/C:\/Users\/AESB\/Downloads\/Texto%20para%20Ae%20Sudeste%20de%20Bai%C3%A3o%20-%2011%20junho%202023_v2.docx#_ftnref1\" name=\"_ftn1\" title=\"\"><!--[if !supportFootnotes]--><span class=\"MsoFootnoteReference\"><span style=\"line-height: 107%; font-family: Calibri, sans-serif;\">[1]<\/span><\/span><!--[endif]--><\/a>\nUniversidade Cat\u00f3lica Portuguesa, Faculdade de Educa\u00e7\u00e3o e Psicologia, Centro de\nInvestiga\u00e7\u00e3o em Desenvolvimento Humano, Porto, Portugal. ORCID 0000-0002-1949-8641,\ncpalmeirao@ucp.pt<o:p><\/o:p><\/em><\/p><em>\n\n\n\n<p id=\"ftn2\">\n\n<\/p><p class=\"MsoFootnoteText\" style=\"text-align:justify\"><a href=\"file:\/\/\/C:\/Users\/AESB\/Downloads\/Texto%20para%20Ae%20Sudeste%20de%20Bai%C3%A3o%20-%2011%20junho%202023_v2.docx#_ftnref2\" name=\"_ftn2\" title=\"\"><!--[if !supportFootnotes]--><span class=\"MsoFootnoteReference\"><span style=\"line-height: 107%; font-family: Calibri, sans-serif;\">[2]<\/span><\/span><!--[endif]--><\/a>\nOu Perito Externo como designa a Dire\u00e7\u00e3o-Geral da Educa\u00e7\u00e3o. Protocolo assinado\ncom o Servi\u00e7o de Apoio \u00e0 Melhoria da Educa\u00e7\u00e3o (SAME) da Faculdade de Educa\u00e7\u00e3o e\nPsicologia da Universidade Cat\u00f3lica Portuguesa, Porto.&nbsp;<\/p><\/em><p class=\"MsoFootnoteText\" style=\"text-align:justify\"><o:p><\/o:p><\/p>\n\n\n","protected":false},"excerpt":{"rendered":"","protected":false},"author":1,"featured_media":0,"parent":0,"menu_order":0,"comment_status":"closed","ping_status":"closed","template":"","meta":{"footnotes":""},"class_list":["post-677","page","type-page","status-publish","hentry"],"rttpg_featured_image_url":null,"rttpg_author":{"display_name":"admin","author_link":"https:\/\/aesudestebaiao.com\/online\/author\/admin\/"},"rttpg_comment":0,"rttpg_category":null,"rttpg_excerpt":null,"_links":{"self":[{"href":"https:\/\/aesudestebaiao.com\/online\/wp-json\/wp\/v2\/pages\/677","targetHints":{"allow":["GET"]}}],"collection":[{"href":"https:\/\/aesudestebaiao.com\/online\/wp-json\/wp\/v2\/pages"}],"about":[{"href":"https:\/\/aesudestebaiao.com\/online\/wp-json\/wp\/v2\/types\/page"}],"author":[{"embeddable":true,"href":"https:\/\/aesudestebaiao.com\/online\/wp-json\/wp\/v2\/users\/1"}],"replies":[{"embeddable":true,"href":"https:\/\/aesudestebaiao.com\/online\/wp-json\/wp\/v2\/comments?post=677"}],"version-history":[{"count":4,"href":"https:\/\/aesudestebaiao.com\/online\/wp-json\/wp\/v2\/pages\/677\/revisions"}],"predecessor-version":[{"id":682,"href":"https:\/\/aesudestebaiao.com\/online\/wp-json\/wp\/v2\/pages\/677\/revisions\/682"}],"wp:attachment":[{"href":"https:\/\/aesudestebaiao.com\/online\/wp-json\/wp\/v2\/media?parent=677"}],"curies":[{"name":"wp","href":"https:\/\/api.w.org\/{rel}","templated":true}]}}